{"id":1594,"date":"2016-01-29T10:12:39","date_gmt":"2016-01-29T10:12:39","guid":{"rendered":"https:\/\/www.yeniekin.com\/en\/about\/"},"modified":"2025-04-08T11:59:37","modified_gmt":"2025-04-08T11:59:37","slug":"corporate","status":"publish","type":"page","link":"https:\/\/www.yeniekin.com\/en\/corporate\/","title":{"rendered":"Corporate"},"content":{"rendered":"<div class=\"wpb-content-wrapper\"><p>[vc_row type=&#8221;vc_default&#8221; css=&#8221;.vc_custom_1476008791393{padding-top: 70px !important;padding-bottom: 25px !important;}&#8221;][vc_column offset=&#8221;vc_col-lg-6 vc_col-md-6 vc_col-xs-12&#8243; css=&#8221;.vc_custom_1476005293248{padding-bottom: 50px !important;}&#8221;]<div id=\"ultimate-heading-101569ee0d5c59a2b\" class=\"uvc-heading ult-adjust-bottom-margin ultimate-heading-101569ee0d5c59a2b uvc-5531 \" data-hspacer=\"no_spacer\"  data-halign=\"left\" style=\"text-align:left\"><div class=\"uvc-heading-spacer no_spacer\" style=\"top\"><\/div><div class=\"uvc-main-heading ult-responsive\"  data-ultimate-target='.uvc-heading.ultimate-heading-101569ee0d5c59a2b h2'  data-responsive-json-new='{\"font-size\":\"desktop:26px;\",\"line-height\":\"desktop:32px;\"}' ><h2 style=\"font-weight:bold;margin-bottom:20px;\">Ekin Customs Brokerage<\/h2><\/div><\/div>[vc_column_text css=&#8221;&#8221;]Has been steadily growing since 1991 by delivering consultancy services to national and international industrial, commercial, and investment companies. We owe our strength to our experienced team, high service quality, transparency, and long-term perspective.<\/p>\n<p>Today, we operate in 11 regions with a 100-person team, maintaining our commitment to the same core principles.[\/vc_column_text][\/vc_column][vc_column offset=&#8221;vc_col-lg-6 vc_col-md-6 vc_col-xs-12&#8243; css=&#8221;.vc_custom_1476005300152{padding-bottom: 50px !important;}&#8221;]<div id=\"ultimate-heading-634969ee0d5c59a78\" class=\"uvc-heading ult-adjust-bottom-margin ultimate-heading-634969ee0d5c59a78 uvc-826 \" data-hspacer=\"no_spacer\"  data-halign=\"left\" style=\"text-align:left\"><div class=\"uvc-heading-spacer no_spacer\" style=\"top\"><\/div><div class=\"uvc-main-heading ult-responsive\"  data-ultimate-target='.uvc-heading.ultimate-heading-634969ee0d5c59a78 h2'  data-responsive-json-new='{\"font-size\":\"desktop:26px;\",\"line-height\":\"desktop:32px;\"}' ><h2 style=\"font-weight:bold;margin-bottom:20px;\">PROCESS MANAGEMENT<\/h2><\/div><\/div>[vc_column_text css=&#8221;&#8221;]With our principle \u201cMy client\u2019s work is my work,\u201d we take full responsibility\u2014working in a structured, transparent, and quality-focused manner.<\/p>\n<p>We transform information into actionable insight to help you manage every stage of your foreign trade operations.[\/vc_column_text][\/vc_column][\/vc_row][vc_row bg_type=&#8221;bg_color&#8221; bg_override=&#8221;ex-full&#8221; type=&#8221;vc_default&#8221; margin_top=&#8221;-50&#8243; css=&#8221;.vc_custom_1498803830227{padding-top: 50px !important;background-color: #000000 !important;}&#8221; bg_color_value=&#8221;#1f365c&#8221;][vc_column width=&#8221;1\/3&#8243; offset=&#8221;vc_col-lg-4 vc_col-md-4&#8243; css=&#8221;.vc_custom_1476007482956{padding-bottom: 50px !important;}&#8221;]<div class=\"stats-block stats-left  accent-icon-bg  vc_custom_1744113044526\"><div class=\"aio-icon-left\"><div class=\"ult-just-icon-wrapper  \"><div class=\"align-icon\" style=\"text-align:center;\">\n<div class=\"aio-icon circle \"  style=\"color:#ffffff;background:#ffffff;font-size:32px;display:inline-block;\">\n\t<i class=\"icomoon-icomoonfree-16x16-users\"><\/i>\n<\/div><\/div><\/div><\/div><div class=\"stats-desc\" id=\"counter-responsv-wrap-7745\"><div id=\"counter_385776703269ee0d5c59c38\" data-id=\"counter_385776703269ee0d5c59c38\"  data-ultimate-target='#counter-responsv-wrap-7745 .stats-number'  data-responsive-json-new='{\"font-size\":\"desktop:70px;\",\"line-height\":\"desktop:70px;\"}'  class=\"stats-number ult-responsive\" style=\" color:#ffffff; font-family:&#039;Open Sans Condensed&#039;;font-weight:700;color:#ffffff;\" data-speed=\"3\" data-counter-value=\"16\" data-separator=\",\" data-decimal=\".\">0<\/div><div id=\"title-counter_385776703269ee0d5c59c38\"  data-ultimate-target='#counter-responsv-wrap-7745 .stats-text'  data-responsive-json-new='{\"font-size\":\"desktop:20px;\",\"line-height\":\"desktop:26px;\"}'  class=\"stats-text ult-responsive\" style=\"font-size:px; color:#ffffff; font-family:&#039;Open Sans Condensed&#039;;font-weight:700;\">Branches<\/div><\/div><\/div>[\/vc_column][vc_column width=&#8221;1\/3&#8243; css=&#8221;.vc_custom_1476007487982{padding-bottom: 50px !important;}&#8221;]<div class=\"stats-block stats-left  accent-icon-bg  vc_custom_1744113095415\"><div class=\"aio-icon-left\"><div class=\"ult-just-icon-wrapper  \"><div class=\"align-icon\" style=\"text-align:center;\">\n<div class=\"aio-icon circle \"  style=\"color:#ffffff;background:#ffffff;font-size:32px;display:inline-block;\">\n\t<i class=\"icomoon-icomoonfree-16x16-user-tie\"><\/i>\n<\/div><\/div><\/div><\/div><div class=\"stats-desc\" id=\"counter-responsv-wrap-8166\"><div id=\"counter_136088086369ee0d5c59d30\" data-id=\"counter_136088086369ee0d5c59d30\"  data-ultimate-target='#counter-responsv-wrap-8166 .stats-number'  data-responsive-json-new='{\"font-size\":\"desktop:70px;\",\"line-height\":\"desktop:70px;\"}'  class=\"stats-number ult-responsive\" style=\" color:#ffffff; font-family:&#039;Open Sans Condensed&#039;;font-weight:700;color:#ffffff;\" data-speed=\"3\" data-counter-value=\"12\" data-separator=\",\" data-decimal=\".\">0<\/div><div id=\"title-counter_136088086369ee0d5c59d30\"  data-ultimate-target='#counter-responsv-wrap-8166 .stats-text'  data-responsive-json-new='{\"font-size\":\"desktop:20px;\",\"line-height\":\"desktop:26px;\"}'  class=\"stats-text ult-responsive\" style=\"font-size:px; color:#ffffff; font-family:&#039;Open Sans Condensed&#039;;font-weight:700;\">Customs Brokers<\/div><\/div><\/div>[\/vc_column][vc_column width=&#8221;1\/3&#8243; css=&#8221;.vc_custom_1476007492901{padding-bottom: 50px !important;}&#8221;]<div class=\"stats-block stats-left  accent-icon-bg  vc_custom_1744113122624\"><div class=\"aio-icon-left\"><div class=\"ult-just-icon-wrapper  \"><div class=\"align-icon\" style=\"text-align:center;\">\n<div class=\"aio-icon circle \"  style=\"color:#ffffff;background:#ffffff;font-size:32px;display:inline-block;\">\n\t<i class=\"icomoon-icomoonfree-16x16-briefcase\"><\/i>\n<\/div><\/div><\/div><\/div><div class=\"stats-desc\" id=\"counter-responsv-wrap-6005\"><div id=\"counter_269868733269ee0d5c59de3\" data-id=\"counter_269868733269ee0d5c59de3\"  data-ultimate-target='#counter-responsv-wrap-6005 .stats-number'  data-responsive-json-new='{\"font-size\":\"desktop:70px;\",\"line-height\":\"desktop:70px;\"}'  class=\"stats-number ult-responsive\" style=\" color:#ffffff; font-family:&#039;Open Sans Condensed&#039;;font-weight:700;color:#ffffff;\" data-speed=\"3\" data-counter-value=\"31\" data-separator=\",\" data-decimal=\".\">0<\/div><div id=\"title-counter_269868733269ee0d5c59de3\"  data-ultimate-target='#counter-responsv-wrap-6005 .stats-text'  data-responsive-json-new='{\"font-size\":\"desktop:20px;\",\"line-height\":\"desktop:26px;\"}'  class=\"stats-text ult-responsive\" style=\"font-size:px; color:#ffffff; font-family:&#039;Open Sans Condensed&#039;;font-weight:700;\">Assistant Brokers<\/div><\/div><\/div>[\/vc_column][\/vc_row][vc_row full_width=&#8221;stretch_row&#8221; equal_height=&#8221;yes&#8221; content_placement=&#8221;middle&#8221; bg_type=&#8221;bg_color&#8221; type=&#8221;vc_default&#8221; css=&#8221;.vc_custom_1498804043002{padding-top: 70px !important;padding-bottom: 20px !important;}&#8221; bg_color_value=&#8221;#f5f5f5&#8243;][vc_column css=&#8221;.vc_custom_1498755622313{padding-bottom: 50px !important;}&#8221; offset=&#8221;vc_col-lg-8 vc_col-md-7&#8243;]<div id=\"ultimate-heading-662769ee0d5c59e2f\" class=\"uvc-heading ult-adjust-bottom-margin ultimate-heading-662769ee0d5c59e2f uvc-416 \" data-hspacer=\"no_spacer\"  data-halign=\"left\" style=\"text-align:left\"><div class=\"uvc-heading-spacer no_spacer\" style=\"top\"><\/div><div class=\"uvc-main-heading ult-responsive\"  data-ultimate-target='.uvc-heading.ultimate-heading-662769ee0d5c59e2f h2'  data-responsive-json-new='{\"font-size\":\"desktop:40px;\",\"line-height\":\"desktop:46px;\"}' ><h2 style=\"font-weight:bold;margin-bottom:30px;\">Our Founder<\/h2><\/div><div class=\"uvc-sub-heading ult-responsive\"  data-ultimate-target='.uvc-heading.ultimate-heading-662769ee0d5c59e2f .uvc-sub-heading '  data-responsive-json-new='{\"font-size\":\"desktop:20px;mobile_landscape:15px;\",\"line-height\":\"desktop:32px;mobile_landscape:22px;\"}'  style=\"font-style:italic;font-weight:normal;margin-bottom:30px;\">Faris KILI\u00c7 was born in 1958 in Kara\u00f6z\u00fc (Gemerek\/Sivas). He completed his primary education in the town of Kara\u00f6z\u00fc and attended middle school and the first year of high school at G\u00fcm\u00fc\u015fhane High School as a boarding student. He completed his high school education at Sivas High School.<\/p>\n<p>While pursuing evening classes at the School of Journalism and Public Relations at the Academy of Economic and Commercial Sciences (A.I.T.I.A.), he also worked at the Ministry of Customs and Monopolies. Following the military coup of September 12, he resigned from his position at the ministry.<\/p>\n<p>In 1990, he passed both the written and oral exams and earned the title of Customs Broker. The following year, in 1991, he founded Ekin Customs Brokerage.<\/p>\n<p>With the introduction of the Authorized Customs Consultancy practice, he established Ekin Authorized Customs Consultancy on July 10, 2008.<\/p>\n<p>On May 28, 2018, he completed his undergraduate studies at Anadolu University, Faculty of Economics, and received his degree.<\/p>\n<p>He continues to actively work as an Authorized Customs Consultant.<\/p>\n<p>\u201cLooking back after 35 years, it is a true source of pride to see that Ekin Customs Brokerage, which I founded, has continued on its path without wavering\u2014upholding honesty with both its clients and employees.\u201d<\/div><\/div><div id=\"ultimate-heading-123069ee0d5c59e6f\" class=\"uvc-heading ult-adjust-bottom-margin ultimate-heading-123069ee0d5c59e6f uvc-1969 color-title\" data-hspacer=\"no_spacer\"  data-halign=\"left\" style=\"text-align:left\"><div class=\"uvc-heading-spacer no_spacer\" style=\"top\"><\/div><div class=\"uvc-main-heading ult-responsive\"  data-ultimate-target='.uvc-heading.ultimate-heading-123069ee0d5c59e6f h4'  data-responsive-json-new='{\"font-size\":\"desktop:26px;\",\"line-height\":\"desktop:32px;\"}' ><h4 style=\"font-weight:bold;margin-bottom:10px;\">Faris K\u0131l\u0131\u00e7<\/h4><\/div><div class=\"uvc-sub-heading ult-responsive\"  data-ultimate-target='.uvc-heading.ultimate-heading-123069ee0d5c59e6f .uvc-sub-heading '  data-responsive-json-new='{\"font-size\":\"desktop:20px;\",\"line-height\":\"desktop:26px;\"}'  style=\"font-family:&#039;Open Sans Condensed&#039;;font-weight:700;color:#ffb536;\">Authorized Customs Consultant<\/div><\/div>[\/vc_column][vc_column width=&#8221;1\/2&#8243; offset=&#8221;vc_col-lg-offset-0 vc_col-lg-4 vc_col-md-offset-0 vc_col-md-5 vc_col-sm-offset-3 vc_col-xs-offset-2 vc_col-xs-8&#8243; css=&#8221;.vc_custom_1498755704655{padding-bottom: 50px !important;}&#8221;]<style type=\"text\/css\" data-type=\"the7_shortcodes-inline-css\">.shortcode-single-image-wrap.shortcode-single-image-6aa424ad09f637ce4cf72a5ef11373b6.enable-bg-rollover .rollover i,\n.shortcode-single-image-wrap.shortcode-single-image-6aa424ad09f637ce4cf72a5ef11373b6.enable-bg-rollover .rollover-video i {\n  background: -webkit-linear-gradient();\n  background: linear-gradient();\n}\n.shortcode-single-image-wrap.shortcode-single-image-6aa424ad09f637ce4cf72a5ef11373b6 .rollover-icon {\n  font-size: 32px;\n  color: #ffffff;\n  min-width: 44px;\n  min-height: 44px;\n  line-height: 44px;\n  border-radius: 100px;\n  border-style: solid;\n  border-width: 0px;\n}\n.dt-icon-bg-on.shortcode-single-image-wrap.shortcode-single-image-6aa424ad09f637ce4cf72a5ef11373b6 .rollover-icon {\n  background: rgba(255,255,255,0.3);\n  box-shadow: none;\n}\n<\/style><div class=\"shortcode-single-image-wrap shortcode-single-image-6aa424ad09f637ce4cf72a5ef11373b6 alignnone  enable-bg-rollover dt-icon-bg-off\" style=\"margin-top:0px; margin-bottom:0px; margin-left:0px; margin-right:0px; width:800px;\"><div class=\"shortcode-single-image\"><div class=\"fancy-media-wrap  layzr-bg\" style=\"border-radius:1000px;\"><img fetchpriority=\"high\" decoding=\"async\" class=\"preload-me lazy-load aspect\" src=\"data:image\/svg+xml,%3Csvg%20xmlns%3D&#39;http%3A%2F%2Fwww.w3.org%2F2000%2Fsvg&#39;%20viewBox%3D&#39;0%200%20500%20500&#39;%2F%3E\" data-src=\"https:\/\/www.yeniekin.com\/en\/wp-content\/uploads\/sites\/2\/2025\/03\/faris-kilic.png\" data-srcset=\"https:\/\/www.yeniekin.com\/en\/wp-content\/uploads\/sites\/2\/2025\/03\/faris-kilic.png 500w\" loading=\"eager\" sizes=\"(max-width: 500px) 100vw, 500px\" width=\"500\" height=\"500\"  data-dt-location=\"https:\/\/www.yeniekin.com\/en\/corporate\/about-us\/faris-kilic\/\" style=\"--ratio: 500 \/ 500;border-radius:1000px;\" alt=\"\" \/><\/div><\/div><\/div>[\/vc_column][\/vc_row]<\/p>\n<\/div>","protected":false},"excerpt":{"rendered":"<p>[vc_row type=&#8221;vc_default&#8221; css=&#8221;.vc_custom_1476008791393{padding-top: 70px !important;padding-bottom: 25px !important;}&#8221;][vc_column offset=&#8221;vc_col-lg-6 vc_col-md-6 vc_col-xs-12&#8243; css=&#8221;.vc_custom_1476005293248{padding-bottom: 50px !important;}&#8221;][vc_column_text css=&#8221;&#8221;]Has been steadily growing since 1991 by delivering consultancy services to national and international industrial, commercial, and investment companies. We owe our strength to our experienced team, high service quality, transparency, and long-term perspective. Today, we operate in 11 regions with a&hellip;<\/p>\n","protected":false},"author":1,"featured_media":0,"parent":0,"menu_order":100,"comment_status":"closed","ping_status":"closed","template":"","meta":{"footnotes":""},"class_list":["post-1594","page","type-page","status-publish","hentry","description-off"],"_links":{"self":[{"href":"https:\/\/www.yeniekin.com\/en\/wp-json\/wp\/v2\/pages\/1594","targetHints":{"allow":["GET"]}}],"collection":[{"href":"https:\/\/www.yeniekin.com\/en\/wp-json\/wp\/v2\/pages"}],"about":[{"href":"https:\/\/www.yeniekin.com\/en\/wp-json\/wp\/v2\/types\/page"}],"author":[{"embeddable":true,"href":"https:\/\/www.yeniekin.com\/en\/wp-json\/wp\/v2\/users\/1"}],"replies":[{"embeddable":true,"href":"https:\/\/www.yeniekin.com\/en\/wp-json\/wp\/v2\/comments?post=1594"}],"version-history":[{"count":0,"href":"https:\/\/www.yeniekin.com\/en\/wp-json\/wp\/v2\/pages\/1594\/revisions"}],"wp:attachment":[{"href":"https:\/\/www.yeniekin.com\/en\/wp-json\/wp\/v2\/media?parent=1594"}],"curies":[{"name":"wp","href":"https:\/\/api.w.org\/{rel}","templated":true}]}}