{"id":1894,"date":"2025-05-07T10:12:57","date_gmt":"2025-05-07T10:12:57","guid":{"rendered":"https:\/\/www.yeniekin.com\/en\/?page_id=1894"},"modified":"2025-05-07T10:14:09","modified_gmt":"2025-05-07T10:14:09","slug":"personal-data-protection","status":"publish","type":"page","link":"https:\/\/www.yeniekin.com\/en\/personal-data-protection\/","title":{"rendered":"Personal Data Protection"},"content":{"rendered":"<div class=\"wpb-content-wrapper\"><p>[vc_row type=&#8221;vc_default&#8221; css=&#8221;.vc_custom_1476008791393{padding-top: 70px !important;padding-bottom: 25px !important;}&#8221;][vc_column offset=&#8221;vc_col-lg-12 vc_col-md-12 vc_col-xs-12&#8243; css=&#8221;.vc_custom_1746610255418{padding-bottom: 50px !important;}&#8221;]<div id=\"ultimate-heading-197669ee0fd1d6454\" class=\"uvc-heading ult-adjust-bottom-margin ultimate-heading-197669ee0fd1d6454 uvc-6377 \" data-hspacer=\"no_spacer\"  data-halign=\"left\" style=\"text-align:left\"><div class=\"uvc-heading-spacer no_spacer\" style=\"top\"><\/div><div class=\"uvc-main-heading ult-responsive\"  data-ultimate-target='.uvc-heading.ultimate-heading-197669ee0fd1d6454 h2'  data-responsive-json-new='{\"font-size\":\"desktop:26px;\",\"line-height\":\"desktop:32px;\"}' ><h2 style=\"font-weight:bold;margin-bottom:20px;\">DISCLOSURE TEXT OF YEN\u0130 EK\u0130N G\u00dcMR\u00dcK ON PERSONAL DATA PROCESSING<\/h2><\/div><\/div>[vc_column_text css=&#8221;&#8221;]The information on how your personal data is processed by YEN\u0130 EK\u0130N G\u00dcMR\u00dcK is submitted under titles.<\/p>\n<p>&nbsp;<\/p>\n<p><strong>a) About the Data Authority<\/strong><\/p>\n<p>Your personal data will be possible to be processed within the scope of the Law on Personal Data Protection numbered 6698 (&#8220;Law&#8221;) by the hand of Yeni Ekin G\u00fcmr\u00fck Within the scope of the Law, Yeni Ekin G\u00fcmr\u00fck is considered as the data authority.<\/p>\n<p>&nbsp;<\/p>\n<p><strong>b) Objectives of Processing of Your Personal Data<\/strong><\/p>\n<p>Your personal data are processed in accordance with the conditions on processing of personal data that are listed in articles 5 and 6 of the Law.<\/p>\n<p>The objectives of the processing of your personal data include without limitation providing legal and commercial security of Yeni Ekin G\u00fcmr\u00fck or the associates of Yeni Ekin G\u00fcmr\u00fck, sustainability of the commercial operations of Yeni Ekin G\u00fcmr\u00fck and management of the human resources and employment policies of Yeni Ekin G\u00fcmr\u00fck.<\/p>\n<p>&nbsp;<\/p>\n<p>All kinds of necessary technical and administrative measures are taken for avoidance of illegal processing of your personal data and illegal acces to your data and secure maintenance of your personal data.<\/p>\n<p>&nbsp;<\/p>\n<p><strong>c) Sharing of Your Personal Data<\/strong><\/p>\n<p>Your personal data will be possible to be shared with the shareholders, associates, suppliers, external service providers of Yeni Ekin G\u00fcmr\u00fck and public institutions authorized by law in accordance with the conditions specified in articles 8 and 9 of the Law.<\/p>\n<p>&nbsp;<\/p>\n<p>The objectives of the sharing of your personal data include without limitation providing legal and commercial security of Yeni Ekin G\u00fcmr\u00fck or the associates of Yeni Ekin G\u00fcmr\u00fck, sustainability of the commercial operations of Yeni Ekin G\u00fcmr\u00fck and management of the human resources and employment policies of Yeni Ekin G\u00fcmr\u00fck.<\/p>\n<p>&nbsp;<\/p>\n<p>In case of sharing of your personal data, the necessary security measures are to be taken.<\/p>\n<p>&nbsp;<\/p>\n<p>&nbsp;<\/p>\n<p><strong>d) Methods of Collecting your Personal Data and the Relevant Legal Reasons<\/strong><\/p>\n<p>Yeni Ekin G\u00fcmr\u00fck collects your personal data through surveys, web sites, Yeni Ekin G\u00fcmr\u00fck representatives and similar various channels for sustainability of your activities and proces them with differing legal reasons in accordance with the conditions listed in articles 5 and 6 \u0131f the Law.<\/p>\n<p>&nbsp;<\/p>\n<p><strong>e) Your Legal Rights as to Your Personal Data<\/strong><\/p>\n<p>You are entitled to the following rights in relation to your personal data in accordance with the law:<\/p>\n<p>Learning whether personal data has been processed or not,<br \/>\nIf the relevant personal data has been procesed, requesting for the relevant information,<br \/>\nLearning about the procesing objective of the personal data and whether they are used as fit for the objective,<br \/>\nBeing cognizant of the third persons within or out of the coutnry to whom the personal data are transfered,<br \/>\nRequesting correction if the personal data has been processed deficiently or incorrectly,<br \/>\nRequesting deletion or demolishing of the personal data within the framework of the conditions stipulated in article 7 of the Law,<br \/>\nRequesting that the transactions performed in accordance with articles 5 and 6 are notified to the third persons to whom the personal data are transfered,<br \/>\nObjecting to emergence of a result against the person himself by way of analysis of the data via automatic systems on a sole basis,<br \/>\nRequesting for recovery of the damage if damage is incurred by reason of illegal processing of personal data.<\/p>\n<p>&nbsp;<\/p>\n<p>In order to exercise your rights given above, you can make an application to Yeni Ekin G\u00fcmr\u00fck in writing and you can send the relevant application to the address given below. If new application methods are determined by the Personal Data Protection Committee, such methods shall be announced by Yeni Ekin G\u00fcmr\u00fck.<br \/>\nThe applications that you will make within this scope will be finalized as soon as possible and within 30 days at maximum. The said applications are currently free of charge. If the Personal Data Protection Commitee establishes a wage tariff, the tariff will be taken as a basis for the waging.<\/p>\n<p>&nbsp;<\/p>\n<p><strong>f) Contact Information<\/strong><\/p>\n<p>In order to exercise the rights that have been given, you can send the Application Form given above including a detailed remark for your necessary identification information, the right that you wish to exercise and the subject matter of your request to the address given in the Application Form by registered and reply paid letter.[\/vc_column_text][\/vc_column][\/vc_row]<\/p>\n<\/div>","protected":false},"excerpt":{"rendered":"<p>[vc_row type=&#8221;vc_default&#8221; css=&#8221;.vc_custom_1476008791393{padding-top: 70px !important;padding-bottom: 25px !important;}&#8221;][vc_column offset=&#8221;vc_col-lg-12 vc_col-md-12 vc_col-xs-12&#8243; css=&#8221;.vc_custom_1746610255418{padding-bottom: 50px !important;}&#8221;][vc_column_text css=&#8221;&#8221;]The information on how your personal data is processed by YEN\u0130 EK\u0130N G\u00dcMR\u00dcK is submitted under titles. &nbsp; a) About the Data Authority Your personal data will be possible to be processed within the scope of the Law on Personal Data Protection&hellip;<\/p>\n","protected":false},"author":1,"featured_media":0,"parent":0,"menu_order":100,"comment_status":"closed","ping_status":"closed","template":"","meta":{"footnotes":""},"class_list":["post-1894","page","type-page","status-publish","hentry","description-off"],"_links":{"self":[{"href":"https:\/\/www.yeniekin.com\/en\/wp-json\/wp\/v2\/pages\/1894","targetHints":{"allow":["GET"]}}],"collection":[{"href":"https:\/\/www.yeniekin.com\/en\/wp-json\/wp\/v2\/pages"}],"about":[{"href":"https:\/\/www.yeniekin.com\/en\/wp-json\/wp\/v2\/types\/page"}],"author":[{"embeddable":true,"href":"https:\/\/www.yeniekin.com\/en\/wp-json\/wp\/v2\/users\/1"}],"replies":[{"embeddable":true,"href":"https:\/\/www.yeniekin.com\/en\/wp-json\/wp\/v2\/comments?post=1894"}],"version-history":[{"count":0,"href":"https:\/\/www.yeniekin.com\/en\/wp-json\/wp\/v2\/pages\/1894\/revisions"}],"wp:attachment":[{"href":"https:\/\/www.yeniekin.com\/en\/wp-json\/wp\/v2\/media?parent=1894"}],"curies":[{"name":"wp","href":"https:\/\/api.w.org\/{rel}","templated":true}]}}